{"id":5873,"date":"2016-09-05T11:34:59","date_gmt":"2016-09-05T08:34:59","guid":{"rendered":"https:\/\/www.karadere.com\/blog\/?page_id=5873"},"modified":"2016-09-05T11:47:05","modified_gmt":"2016-09-05T08:47:05","slug":"gizlilik-politikasi","status":"publish","type":"page","link":"https:\/\/www.karadere.com\/blog\/bildirimler\/gizlilik-politikasi","title":{"rendered":"Gizlilik Politikas\u0131"},"content":{"rendered":"<p><strong>Gizlilik Politikas\u0131<\/strong><\/p>\n<p>&nbsp;<\/p>\n<p style=\"text-align: justify;\"><strong>www.karadere.com<\/strong> \u00a0yaz\u0131lan bir \u00e7ok yaz\u0131 kopyas\u0131 olmayan ger\u00e7ek yaz\u0131d\u0131r.<\/p>\n<p style=\"text-align: justify;\">Makalelere yap\u0131lan yorumlar ki\u015filerin kendilerini ba\u011flamaktad\u0131r. Yorumlar\u0131n yay\u0131nlanmas\u0131 uygunsuz i\u00e7erikler bar\u0131nd\u0131r\u0131yor ise engellenmektedir.<\/p>\n<p style=\"text-align: justify;\">Referans al\u0131nan ba\u015fka sitelerdeki sitelerin kaynaklar\u0131 linkler olarak belirtilmektedir. Kaynak olarak belirtilen <strong>web<\/strong> <strong>site<\/strong> linklerinin aktifli\u011finin sorumlulu\u011fu <strong>karadere.com<\/strong> ait de\u011fildir. Yani ilerleyen zaman diliminde belirtilen kaynak sitesi kapanm\u0131\u015f veya el de\u011fi\u015ftirmi\u015f olabilir, dolay\u0131s\u0131 ile bamba\u015fka bir i\u00e7erik ile yay\u0131n yap\u0131yor olabilir.<\/p>\n<p style=\"text-align: justify;\">\n<p style=\"text-align: justify;\">Teknolojik \u00fcr\u00fcn incelemelerdeki g\u00fcnl\u00fck ya\u015famda kulland\u0131\u011f\u0131m bir \u00e7ok \u00fcr\u00fcn hakk\u0131nda tecr\u00fcbeler payla\u015f\u0131lmaktad\u0131r.<\/p>\n<p>&nbsp;<\/p>\n","protected":false},"excerpt":{"rendered":"<p>Gizlilik Politikas\u0131 &nbsp; www.karadere.com \u00a0yaz\u0131lan bir \u00e7ok yaz\u0131 kopyas\u0131 olmayan ger\u00e7ek yaz\u0131d\u0131r. Makalelere yap\u0131lan yorumlar ki\u015filerin kendilerini ba\u011flamaktad\u0131r. Yorumlar\u0131n yay\u0131nlanmas\u0131 uygunsuz i\u00e7erikler bar\u0131nd\u0131r\u0131yor ise engellenmektedir. Referans al\u0131nan ba\u015fka sitelerdeki sitelerin kaynaklar\u0131 linkler olarak belirtilmektedir. Kaynak olarak belirtilen web site linklerinin aktifli\u011finin sorumlulu\u011fu karadere.com ait de\u011fildir. Yani ilerleyen zaman diliminde belirtilen kaynak sitesi kapanm\u0131\u015f veya el [&hellip;]<\/p>\n","protected":false},"author":1,"featured_media":0,"parent":5743,"menu_order":0,"comment_status":"closed","ping_status":"closed","template":"","meta":{"om_disable_all_campaigns":false,"_monsterinsights_skip_tracking":false,"_monsterinsights_sitenote_active":false,"_monsterinsights_sitenote_note":"","_monsterinsights_sitenote_category":0,"_uf_show_specific_survey":0,"_uf_disable_surveys":false,"footnotes":"","_links_to":"","_links_to_target":""},"class_list":["post-5873","page","type-page","status-publish","hentry","has-post-title","has-post-date","has-post-category","has-post-tag","has-post-comment","has-post-author",""],"aioseo_notices":[],"_links":{"self":[{"href":"https:\/\/www.karadere.com\/blog\/wp-json\/wp\/v2\/pages\/5873","targetHints":{"allow":["GET"]}}],"collection":[{"href":"https:\/\/www.karadere.com\/blog\/wp-json\/wp\/v2\/pages"}],"about":[{"href":"https:\/\/www.karadere.com\/blog\/wp-json\/wp\/v2\/types\/page"}],"author":[{"embeddable":true,"href":"https:\/\/www.karadere.com\/blog\/wp-json\/wp\/v2\/users\/1"}],"replies":[{"embeddable":true,"href":"https:\/\/www.karadere.com\/blog\/wp-json\/wp\/v2\/comments?post=5873"}],"version-history":[{"count":4,"href":"https:\/\/www.karadere.com\/blog\/wp-json\/wp\/v2\/pages\/5873\/revisions"}],"predecessor-version":[{"id":5879,"href":"https:\/\/www.karadere.com\/blog\/wp-json\/wp\/v2\/pages\/5873\/revisions\/5879"}],"up":[{"embeddable":true,"href":"https:\/\/www.karadere.com\/blog\/wp-json\/wp\/v2\/pages\/5743"}],"wp:attachment":[{"href":"https:\/\/www.karadere.com\/blog\/wp-json\/wp\/v2\/media?parent=5873"}],"curies":[{"name":"wp","href":"https:\/\/api.w.org\/{rel}","templated":true}]}}