{"id":5,"date":"2009-11-24T11:29:34","date_gmt":"2009-11-24T09:29:34","guid":{"rendered":"http:\/\/www.karadere.com\/blog\/?page_id=2"},"modified":"2018-11-09T16:05:25","modified_gmt":"2018-11-09T13:05:25","slug":"hakkinda","status":"publish","type":"page","link":"https:\/\/www.karadere.com\/blog\/hakkinda","title":{"rendered":"Hakk\u0131mda"},"content":{"rendered":"<p style=\"text-align: left;\"><img loading=\"lazy\" decoding=\"async\" class=\"alignleft\" src=\"https:\/\/lh3.googleusercontent.com\/-sD_l5iwN9ts\/W-Ul1GTiXGI\/AAAAAAAAE0c\/dp9c2eOgwnYgYNOKIdhP-ElqwCz-ESIcACL0BGAs\/w530-d-h534-n-rw\/Burhan_KARADERE_portre.JPG\" width=\"285\" height=\"288\" \/>Bu bir bile\u015fim IT haber ve bilgi blo\u011fudur.<\/p>\n<p style=\"text-align: left;\">Bile\u015fim d\u00fcnyas\u0131ndaki geli\u015fmeler ve d\u00fc\u015f\u00fcncelerimi sizlerle bayla\u015fmak istedi\u011fim yaz\u0131lar\u0131 bu blog &#8216;tan takip edebilirisniz. D\u00fc\u015f\u00fcnce ve \u00f6nerilerinizi bekliyorum.<\/p>\n<p style=\"text-align: left;\">\u00d6nemli g\u00f6rd\u00fc\u011f\u00fcm haberleri siz de\u011ferli takip\u00e7ilerim ile vakit bulduk\u00e7a payla\u015fmaya \u00e7al\u0131\u015f\u0131yorum. Kendi teknoloji notlar\u0131m\u0131 zaman zaman payla\u015f\u0131yorum.<\/p>\n<p style=\"text-align: left;\">Blog d\u00fcnyas\u0131n\u0131n yerini alan VBlog (Video Blog) sayfam\u0131 da a\u015fa\u011f\u0131daki linkten takip edebilirsiniz.<\/p>\n<p style=\"text-align: left;\">Bilgisayar , Mobil platformlardaki takip etti\u011fim ilgin\u00e7 konulara da zaman zaman yervermeye \u00e7al\u0131\u015f\u0131yorum.<\/p>\n<p style=\"text-align: left;\"><a href=\"https:\/\/www.karadere.com\" target=\"_blank\" rel=\"noopener\"><strong>www.karadere.com<\/strong>\u00a0<\/a> ki\u015fisel resmi sitemi de en k\u0131sa s\u00fcrede faailyete ge\u00e7irmeyi hedeflemekteyim.<\/p>\n<p>&nbsp;<\/p>\n<hr \/>\n<p style=\"text-align: center;\"><a href=\"https:\/\/www.youtube.com\/burhankaradere?sub_confirmation=1\"><strong>https:\/\/www.youtube.com\/BurhanKaradere<\/strong><\/a><\/p>\n<p><a href=\"https:\/\/www.youtube.com\/burhankaradere?sub_confirmation=1\" target=\"_blank\" rel=\"Burhan KARADERE Yotube noopener\"><img loading=\"lazy\" decoding=\"async\" class=\"aligncenter\" src=\"https:\/\/lh3.googleusercontent.com\/-bYGgh1eSgh0\/WSrBQPN9SGI\/AAAAAAAADYE\/yU5fJ1RXlfYLG73s6l8e3gjTJvx_OHU3ACJoC\/w530-h537-p-rw\/Burhan%2BKARADERE_youtube_kanali.PNG\" alt=\"\" width=\"434\" height=\"440\" \/><\/a><\/p>\n<hr \/>\n<div class=\"post-video\"><iframe loading=\"lazy\" width=\"1165\" height=\"655\" src=\"https:\/\/www.youtube.com\/embed\/EFS-l3s5u4w?wmode=transparent&#038;fs=1\"  allow=\"accelerometer; autoplay; encrypted-media; gyroscope; picture-in-picture\" allowfullscreen><\/iframe><\/div>\n<p>&nbsp;<\/p>\n<p>&nbsp;<\/p>\n<p>&nbsp;<\/p>\n","protected":false},"excerpt":{"rendered":"<p>Bu bir bile\u015fim IT haber ve bilgi blo\u011fudur. Bile\u015fim d\u00fcnyas\u0131ndaki geli\u015fmeler ve d\u00fc\u015f\u00fcncelerimi sizlerle bayla\u015fmak istedi\u011fim yaz\u0131lar\u0131 bu blog &#8216;tan takip edebilirisniz. D\u00fc\u015f\u00fcnce ve \u00f6nerilerinizi bekliyorum. \u00d6nemli g\u00f6rd\u00fc\u011f\u00fcm haberleri siz de\u011ferli takip\u00e7ilerim ile vakit bulduk\u00e7a payla\u015fmaya \u00e7al\u0131\u015f\u0131yorum. Kendi teknoloji notlar\u0131m\u0131 zaman zaman payla\u015f\u0131yorum. Blog d\u00fcnyas\u0131n\u0131n yerini alan VBlog (Video Blog) sayfam\u0131 da a\u015fa\u011f\u0131daki linkten takip [&hellip;]<\/p>\n","protected":false},"author":1,"featured_media":0,"parent":0,"menu_order":1,"comment_status":"open","ping_status":"open","template":"","meta":{"om_disable_all_campaigns":false,"_monsterinsights_skip_tracking":false,"_monsterinsights_sitenote_active":false,"_monsterinsights_sitenote_note":"","_monsterinsights_sitenote_category":0,"_uf_show_specific_survey":0,"_uf_disable_surveys":false,"footnotes":"","_links_to":"","_links_to_target":""},"class_list":["post-5","page","type-page","status-publish","hentry","has-post-title","has-post-date","has-post-category","has-post-tag","has-post-comment","has-post-author",""],"aioseo_notices":[],"_links":{"self":[{"href":"https:\/\/www.karadere.com\/blog\/wp-json\/wp\/v2\/pages\/5","targetHints":{"allow":["GET"]}}],"collection":[{"href":"https:\/\/www.karadere.com\/blog\/wp-json\/wp\/v2\/pages"}],"about":[{"href":"https:\/\/www.karadere.com\/blog\/wp-json\/wp\/v2\/types\/page"}],"author":[{"embeddable":true,"href":"https:\/\/www.karadere.com\/blog\/wp-json\/wp\/v2\/users\/1"}],"replies":[{"embeddable":true,"href":"https:\/\/www.karadere.com\/blog\/wp-json\/wp\/v2\/comments?post=5"}],"version-history":[{"count":11,"href":"https:\/\/www.karadere.com\/blog\/wp-json\/wp\/v2\/pages\/5\/revisions"}],"predecessor-version":[{"id":6612,"href":"https:\/\/www.karadere.com\/blog\/wp-json\/wp\/v2\/pages\/5\/revisions\/6612"}],"wp:attachment":[{"href":"https:\/\/www.karadere.com\/blog\/wp-json\/wp\/v2\/media?parent=5"}],"curies":[{"name":"wp","href":"https:\/\/api.w.org\/{rel}","templated":true}]}}