{"id":2654,"date":"2013-07-11T10:52:11","date_gmt":"2013-07-11T07:52:11","guid":{"rendered":"http:\/\/www.karadere.com\/blog\/?page_id=2654"},"modified":"2024-05-14T12:07:21","modified_gmt":"2024-05-14T09:07:21","slug":"bilgisayarlarim","status":"publish","type":"page","link":"https:\/\/www.karadere.com\/blog\/hakkinda\/bilgisayarlarim","title":{"rendered":"Bilgisayarlar\u0131m"},"content":{"rendered":"\n<p><strong>Burhan KARADERE<\/strong>&nbsp;bilgisayar ile tan\u0131\u015fmas\u0131 ve bug\u00fcne kadar kendi toplad\u0131\u011f\u0131 kulland\u0131\u011f\u0131 bilgisayarlar\u0131n \u00f6zellik detaylar\u0131 a\u015fa\u011f\u0131daki gibidir.<\/p>\n\n\n<div class=\"wp-block-image\">\n<figure class=\"aligncenter\"><img decoding=\"async\" src=\"https:\/\/lh3.googleusercontent.com\/proxy\/bfB75xWMrDEybm51cgxRvXeUzOtwm3BqhbHtJcybrMFaNRcg3InnprhdLxmj8nt0fwo77IX4CgqPpJIgpAGwzBICJ15MPDRo-V9EkksBnjXP1Q=w530-h374-p-rw\" alt=\"\"\/><\/figure>\n<\/div>\n\n\n<h6 class=\"wp-block-heading\">Resim Nikon 2001 &nbsp;S.D.\u00dc. \/ ISPARTA<\/h6>\n\n\n\n<p><strong><i>1998 &#8211; 2000<\/i><\/strong><\/p>\n\n\n\n<p><i> Intel 486 Dx2 , 4 Mb S3 VGA , 120 Mb Quantum Hdd, 7.2 Floppy Disk , IBM Monitor, Hp Keyboard , Ms-Dos 6.22 &amp; Windows 95<\/i><\/p>\n\n\n\n<hr class=\"wp-block-separator has-alpha-channel-opacity\"\/>\n\n\n\n<p><i><strong>2000 &#8211; 2004<\/strong><\/i><\/p>\n\n\n\n<p>AMD K5 133 Hertz , Omega Main Board , 1.2 Quantum Hdd , 1.44 Floppy Disk Drive , 32 x Philips Cd Rom Drive, Windows 98 Se, Windows XP, Redhat 7.1<\/p>\n\n\n\n<hr class=\"wp-block-separator has-alpha-channel-opacity\"\/>\n\n\n\n<p><strong>2004 &#8211; 2008<\/strong><\/p>\n\n\n\n<div class=\"wp-block-columns is-layout-flex wp-container-core-columns-is-layout-9d6595d7 wp-block-columns-is-layout-flex\">\n<div class=\"wp-block-column is-layout-flow wp-block-column-is-layout-flow\" style=\"flex-basis:50%\">\n<figure class=\"wp-block-image size-large\"><img decoding=\"async\" src=\"https:\/\/theretroweb.com\/motherboard\/image\/8rdap-plus-61c4891bd3af7697275862.jpg\" alt=\"\"\/><\/figure>\n<\/div>\n\n\n\n<div class=\"wp-block-column is-layout-flow wp-block-column-is-layout-flow\" style=\"flex-basis:50%\">\n<p>AMD Athlon XP 2600 + Geforce MX 440 , 10 Gb Quantum , Epox <em>Socket<\/em> A \u00a0ep-8rda+ Anakart, \u00a01 Gb DDR RAM , Asus 52 x Cd Rom \/ Write Drive, Airmedia TV Card, Creative 4+1 Sound Speaker, Creative Audigy 1.0 Sound Card, Windows Xp, Windows Vista i\u015fletim sistemi<\/p>\n<\/div>\n<\/div>\n\n\n\n<hr class=\"wp-block-separator has-alpha-channel-opacity\"\/>\n\n\n\n<p><strong>2008 &#8211; 2008<\/strong><\/p>\n\n\n\n<div class=\"wp-block-columns is-layout-flex wp-container-core-columns-is-layout-9d6595d7 wp-block-columns-is-layout-flex\">\n<div class=\"wp-block-column is-layout-flow wp-block-column-is-layout-flow\" style=\"flex-basis:50%\">\n<figure class=\"wp-block-image size-large\"><img decoding=\"async\" src=\"https:\/\/s.ek.ua\/jpg_zoom1\/453474.jpg\" alt=\"\"\/><\/figure>\n<\/div>\n\n\n\n<div class=\"wp-block-column is-layout-flow wp-block-column-is-layout-flow\" style=\"flex-basis:50%\">\n<p>Intel E 5600 Core 2 Quad 2.66 Giga Hertz , Asus P5Q Se , 8 Gb DDR 2 800 Mega Hertz , 2.5 Tera Bytes Hdd ,Thermaltake 600 Watt PowerSupply, Phlips 190 fx Hd 2 ms Monitor, Creative Audigy 2.0 , 5+1 Creative Sound System, Quake Keyboard, Ubuntu 09.10 OS. Windows XP<\/p>\n<\/div>\n<\/div>\n\n\n\n<hr class=\"wp-block-separator has-alpha-channel-opacity\"\/>\n\n\n\n<p><strong>2008 &#8211; 2009<\/strong><\/p>\n\n\n\n<div class=\"wp-block-columns is-layout-flex wp-container-core-columns-is-layout-9d6595d7 wp-block-columns-is-layout-flex\">\n<div class=\"wp-block-column is-layout-flow wp-block-column-is-layout-flow\" style=\"flex-basis:50%\">\n<figure class=\"wp-block-image size-large\"><img decoding=\"async\" src=\"https:\/\/s.ek.ua\/jpg_zoom1\/140199.jpg\" alt=\"\"\/><\/figure>\n<\/div>\n\n\n\n<div class=\"wp-block-column is-layout-flow wp-block-column-is-layout-flow\" style=\"flex-basis:50%\">\n<p>Intel Q 9400 Core 2 Quad 2.66 Giga Hertz , Asus P5P43T\/USB , 4 Gb DDR 3 1333 Mega Hertz , 2.5 Tera Bytes Hdd ,Thermaltake 600 Watt PowerSupply, Phlips 190 fx Hd 2 ms Monitor, Creative Audigy 2.0 , 5+1 Creative Sound System, Logitech Wirless Keyboard &amp; Mause, Ubuntu 10.04.01 OS. Windows 7<\/p>\n<\/div>\n<\/div>\n\n\n\n<hr class=\"wp-block-separator has-alpha-channel-opacity\"\/>\n\n\n\n<p><strong>2009 &#8211; 2014<\/strong><\/p>\n\n\n\n<div class=\"wp-block-columns is-layout-flex wp-container-core-columns-is-layout-9d6595d7 wp-block-columns-is-layout-flex\">\n<div class=\"wp-block-column is-layout-flow wp-block-column-is-layout-flow\" style=\"flex-basis:50%\">\n<figure class=\"wp-block-image size-large\"><img decoding=\"async\" src=\"https:\/\/s.ek.ua\/jpg_zoom1\/140199.jpg\" alt=\"\"\/><\/figure>\n<\/div>\n\n\n\n<div class=\"wp-block-column is-layout-flow wp-block-column-is-layout-flow\" style=\"flex-basis:50%\">\n<p class=\"has-text-align-left\">Intel Q 9400 Core 2 Quad 2.66 Giga Hertz , Asus P5P43T\/USB3 , 8 Gb DDR 3 1333 Mega Hertz , 2.5 Tera Bytes PATA Hdd , OCZ Vector 256 Gb Sata 3 SSD, Kingsten 60 Gb Sata SDD, Corsair Force 120 Gb Sata 3 SSD,\u00a0 Thermaltake 600 Watt PowerSupply, Phlips 190 fx Hd 2 ms Monitor, LG 52 x External Dvd Rom, Creative Audigy 2.0 , 5+1 Creative Sound System, Logitech Wirless Keyboard &amp; Apple Wirless Keyboard,\u00a0 Mackintos &#8211; Hackintosh Montaion Ion 10.8.4, Ubuntu 13.04.01 OS, Windows 7, Windows 8<\/p>\n<\/div>\n<\/div>\n\n\n\n<hr class=\"wp-block-separator has-alpha-channel-opacity\"\/>\n\n\n\n<p><strong>2014 &#8211; Halen<\/strong><\/p>\n\n\n\n<div class=\"wp-block-columns is-layout-flex wp-container-core-columns-is-layout-9d6595d7 wp-block-columns-is-layout-flex\">\n<div class=\"wp-block-column is-layout-flow wp-block-column-is-layout-flow\" style=\"flex-basis:50%\">\n<figure class=\"wp-block-image size-large\"><img decoding=\"async\" src=\"https:\/\/www.gigabyte.com\/Image\/253\/Product\/10057\/png\/1000\" alt=\"\"\/><\/figure>\n<\/div>\n\n\n\n<div class=\"wp-block-column is-layout-flow wp-block-column-is-layout-flow\" style=\"flex-basis:50%\">\n<p>Intel i5-4690K 3.5 Giga Hertz , Gigabyte GA-Z97X-Gaming 5 (rev. 1.0), 8 Gb DDR 3 1333 Mega Hertz , 2.5 Tera Bytes PATA Hdd , OCZ Vector 256 Gb Sata 3 SSD, Corsair\u00a0Force 120 Gb Sata 3 SSD,\u00a0 Thermaltake 600 Watt PowerSupply, Phlips 190 fx Hd 2 ms Monitor,\u00a0Creative SoundBlaster X-Fi MB3 gaming audio suite, LG 52 x External Dvd Rom, Logitech Wirless Keyboard &amp; Apple Wirless Keyboard, Apple Wirless Keyboard &amp; Magic Mause, Mackintos &#8211; Hackintosh Yosemite\u00a010.10.1 , Ubuntu 14.04.01 OS, Windows 7, Windows 10<\/p>\n<\/div>\n<\/div>\n\n\n\n<p><strong>2017 g\u00fcncelleme<\/strong><br>GameMax 650 What Power Supply. Tplink Wirless Anten 2 Adet<\/p>\n\n\n\n<p><strong>2019 g\u00fcncelleme<\/strong><\/p>\n\n\n\n<p>\u00c7ift Ekrana ge\u00e7i\u015f LG ULTRA wide LCD ekran eklemesi yap\u0131ld\u0131<\/p>\n\n\n\n<hr class=\"wp-block-separator has-alpha-channel-opacity\"\/>\n\n\n\n<p><strong>2014 &#8211; Halen<\/strong><\/p>\n\n\n\n<div class=\"wp-block-columns is-layout-flex wp-container-core-columns-is-layout-9d6595d7 wp-block-columns-is-layout-flex\">\n<div class=\"wp-block-column is-layout-flow wp-block-column-is-layout-flow\" style=\"flex-basis:50%\">\n<figure class=\"wp-block-image size-large\"><img decoding=\"async\" src=\"https:\/\/inventus.com.tr\/Images\/products\/v3\/6444_01.jpg\" alt=\"\"\/><\/figure>\n<\/div>\n\n\n\n<div class=\"wp-block-column is-layout-flow wp-block-column-is-layout-flow\" style=\"flex-basis:50%\">\n<p>Intel Pentium G3240 LGA1150 3.1 Ghz 3MB \u0130\u015flemci ,\u00a0Asus B85M-G Anakart, 4 Gb\u00a0DDR 3 1333 Mega Hertz, Quantum 7200 RPM 200 GB Hardisk, Everest Kasa, 500 Watt PowerSupply,\u00a0LG 52 x External Dvd Rom, Logitech Wirless Keyboard,\u00a0Windows 7, Windows 10 Operating System<\/p>\n<\/div>\n<\/div>\n\n\n\n<hr class=\"wp-block-separator has-alpha-channel-opacity\"\/>\n\n\n\n<p><strong>2014 \u00a0Gaming Proje Tester PC\u00a0<\/strong><\/p>\n\n\n\n<div class=\"wp-block-columns is-layout-flex wp-container-core-columns-is-layout-9d6595d7 wp-block-columns-is-layout-flex\">\n<div class=\"wp-block-column is-layout-flow wp-block-column-is-layout-flow\" style=\"flex-basis:50%\">\n<figure class=\"wp-block-image size-large\"><img decoding=\"async\" src=\"https:\/\/www.biostar.com.tw\/upload\/Motherboard\/b20070412_10.jpg\" alt=\"\"\/><\/figure>\n<\/div>\n\n\n\n<div class=\"wp-block-column is-layout-flow wp-block-column-is-layout-flow\" style=\"flex-basis:50%\">\n<p>AMD eski kasa kullan\u0131ld\u0131 Serona , Biostar P4M800 Pro-M7 Intel Pentium 4 \/ Celeron processor Socket 478 , PATA 40 GB Hard Disk, 2 GB DdR 2, Integrated S3 UniChrome 2D\/3D Graphics Share memory :64MB, 1 x PS\/2 keyboard &amp; PS\/2 mouse connectors, 1 x Parallel port (LPT), 1 x Serial port (COM1), 1 x VGA port, 4 x USB ports 1 x RJ45 LAN connector, 1 x Audio port (Line-in, Line-out, Mic-in), VIA\u00ae VT6103L 10\/100 Mbps Fast Ethernet PHY, Ekran Kart\u0131<\/p>\n<\/div>\n<\/div>\n\n\n\n<hr class=\"wp-block-separator has-alpha-channel-opacity\"\/>\n\n\n\n<p><strong>Sayfa G\u00fcncelleme Bilgisi :<\/strong><\/p>\n\n\n\n<p><strong>12.02.2014 :<\/strong> Yeni toplama gigabyte gaming 5. pc bilgileri eklendi<\/p>\n\n\n\n<p><strong>05.09.2019 :<\/strong> Sayfa d\u00fczeni g\u00fcncellendi. LG ekran bilgisi eklendi.<\/p>\n\n\n\n<p><strong>05.02.2020<\/strong> : Bilgisayarlar\u0131ma eklenen yeni \u00f6zellikler g\u00fcncellendi.<\/p>\n\n\n\n<p><strong>14.05.2024 <\/strong>: G\u00f6rseller g\u00fcncellendi.<\/p>\n","protected":false},"excerpt":{"rendered":"<p>Burhan KARADERE&nbsp;bilgisayar ile tan\u0131\u015fmas\u0131 ve bug\u00fcne kadar kendi toplad\u0131\u011f\u0131 kulland\u0131\u011f\u0131 bilgisayarlar\u0131n \u00f6zellik detaylar\u0131 a\u015fa\u011f\u0131daki gibidir. Resim Nikon 2001 &nbsp;S.D.\u00dc. \/ ISPARTA 1998 &#8211; 2000 Intel 486 Dx2 , 4 Mb S3 VGA , 120 Mb Quantum Hdd, 7.2 Floppy Disk , IBM Monitor, Hp Keyboard , Ms-Dos 6.22 &amp; Windows 95 2000 &#8211; 2004 AMD [&hellip;]<\/p>\n","protected":false},"author":1,"featured_media":0,"parent":5,"menu_order":4,"comment_status":"open","ping_status":"closed","template":"","meta":{"om_disable_all_campaigns":false,"_monsterinsights_skip_tracking":false,"_monsterinsights_sitenote_active":false,"_monsterinsights_sitenote_note":"","_monsterinsights_sitenote_category":0,"_uf_show_specific_survey":0,"_uf_disable_surveys":false,"footnotes":"","_links_to":"","_links_to_target":""},"class_list":["post-2654","page","type-page","status-publish","hentry","has-post-title","has-post-date","has-post-category","has-post-tag","has-post-comment","has-post-author",""],"aioseo_notices":[],"_links":{"self":[{"href":"https:\/\/www.karadere.com\/blog\/wp-json\/wp\/v2\/pages\/2654","targetHints":{"allow":["GET"]}}],"collection":[{"href":"https:\/\/www.karadere.com\/blog\/wp-json\/wp\/v2\/pages"}],"about":[{"href":"https:\/\/www.karadere.com\/blog\/wp-json\/wp\/v2\/types\/page"}],"author":[{"embeddable":true,"href":"https:\/\/www.karadere.com\/blog\/wp-json\/wp\/v2\/users\/1"}],"replies":[{"embeddable":true,"href":"https:\/\/www.karadere.com\/blog\/wp-json\/wp\/v2\/comments?post=2654"}],"version-history":[{"count":46,"href":"https:\/\/www.karadere.com\/blog\/wp-json\/wp\/v2\/pages\/2654\/revisions"}],"predecessor-version":[{"id":7922,"href":"https:\/\/www.karadere.com\/blog\/wp-json\/wp\/v2\/pages\/2654\/revisions\/7922"}],"up":[{"embeddable":true,"href":"https:\/\/www.karadere.com\/blog\/wp-json\/wp\/v2\/pages\/5"}],"wp:attachment":[{"href":"https:\/\/www.karadere.com\/blog\/wp-json\/wp\/v2\/media?parent=2654"}],"curies":[{"name":"wp","href":"https:\/\/api.w.org\/{rel}","templated":true}]}}